{"id":3,"date":"2019-02-28T14:11:01","date_gmt":"2019-02-28T13:11:01","guid":{"rendered":"http:\/\/accademiamusicalevaldarnese.it\/?page_id=3"},"modified":"2019-04-17T11:01:25","modified_gmt":"2019-04-17T09:01:25","slug":"privacy-policy","status":"publish","type":"page","link":"https:\/\/accademiamusicalevaldarnese.it\/index.php\/privacy-policy\/","title":{"rendered":"Privacy Policy"},"content":{"rendered":"<div class=\"wpb-content-wrapper\"><p>[vc_row row_type=&#8221;row&#8221; use_row_as_full_screen_section=&#8221;no&#8221; type=&#8221;full_width&#8221; text_align=&#8221;left&#8221; background_animation=&#8221;none&#8221; css_animation=&#8221;&#8221;][vc_column][vc_column_text]Privacy<br \/>\nLa informiamo che il trattamento dei suoi dati personali avverr\u00e0 nel rispetto della vigente normativa in materia di Privacy e sar\u00e0 improntato ai principi di correttezza, trasparenza e protezione dei dati. A tal fine, in ottemperanza a quanto previsto dall&#8217;articolo 13 del Regolamento europeo 2016\/679 (GDPR), le indichiamo qui di seguito le informazioni di carattere generale riguardo i trattamenti di dati personali effettuati tramite questo sito web, ulteriori specifiche informative saranno presentate laddove necessario direttamente nelle pagine web dove avverr\u00e0 la raccolta di dati per poterle fornire un qualunque tipo di servizio. Tale informativa si riferisce esclusivamente ai dati di coloro che interagiscono con i servizi accessibili a partire dalla home page del presente sito web senza estendersi agli altri siti web eventualmente raggiunti dall&#8217;utente tramite eventuali link presenti nelle pagine.<\/p>\n<p>Dati di contatto del Titolare e del DPO<br \/>\nIl titolare del trattamento \u00e8 Accademia Musicale Valdarnese.<br \/>\nIl titolare, in conformit\u00e0 al GDPR, ha designato il Data Protection Officer (DPO), che lei potr\u00e0 contattare per richiedere spiegazioni riguardo questa Informativa o esercitare i diritti previsti dalla normativa in materia di protezione dati personali descritti nel testo che segue. Per contattare il DPO potr\u00e0 utilizzare questa casella email: info@accademiamusicalevaldarnese.it<\/p>\n<p>Per qualsiasi sua comunicazione, nei confronti del DPO, deve riportare nella richiesta i suoi dati di contatto, indispensabili per poterla individuare e ricontattare.<\/p>\n<p>Tipologia di dati trattati<br \/>\nDati di navigazione<br \/>\nI sistemi informatici e le procedure software preposte al funzionamento di questo sito web acquisiscono, nel corso del loro normale esercizio, alcuni dati personali la cui trasmissione \u00e8 implicita nell&#8217;uso dei protocolli di comunicazione di Internet. In questa categoria di dati rientrano gli indirizzi IP o i nomi a dominio dei computer utilizzati dagli utenti che si connettono al sito, gli indirizzi in notazione URI (Uniform Resource Identifier) delle risorse richieste, l&#8217;orario della richiesta, il metodo utilizzato nel sottoporre la richiesta al server, la dimensione del file ottenuto in risposta, il codice numerico indicante lo stato della risposta data dal server (buon fine, errore, ecc.) ed altri parametri relativi al sistema operativo e all&#8217;ambiente informatico dell&#8217;utente. Si tratta di informazioni che non sono raccolte per essere associate a interessati identificati, in quanto i dati vengono utilizzati al solo fine di ricavare informazioni statistiche anonime sull&#8217;uso del sito e per controllarne il corretto funzionamento, ma per loro stessa natura potrebbero, attraverso elaborazioni ed associazioni con dati detenuti da terzi, permetterne di identificare gli utenti. Si segnala che i dati potrebbero essere utilizzati dalle Autorit\u00e0 competenti per l&#8217;accertamento di responsabilit\u00e0 in caso di ipotetici reati informatici.<\/p>\n<p>Cookies<br \/>\nIl sito fa uso di cookie per migliorare l&#8217;esperienza di navigazione dell&#8217;utente. Per avere maggiori informazioni sulla tipologia di cookie utilizzati, le finalit\u00e0 e le modalit\u00e0 di disabilitazione \u00e8 possibile consultare la sezione specifica.<\/p>\n<p>Dati forniti volontariamente dall&#8217;utente<br \/>\nPer accedere ad alcuni servizi riservati agli utenti, \u00e8 necessario registrarsi e inserire alcuni dati personali. Il conferimento di alcuni dati identificativi \u00e8 necessario al fine di autenticare e verificare la legittimazione all&#8217;accesso, nei diversi livelli delle aree riservate, ai soggetti che vi accedono. In nessun caso verranno invece trattati dati sensibili o giudiziari. L\u2019invio facoltativo, esplicito e volontario di posta elettronica agli indirizzi indicati su questo sito comporta la successiva acquisizione dell&#8217;indirizzo del mittente, necessario per rispondere alle richieste, nonch\u00e9 degli eventuali altri dati personali inseriti nella missiva. Specifiche informative di sintesi verranno progressivamente riportate o visualizzate nelle pagine del sito predisposte per particolari servizi a richiesta.<\/p>\n<p>Finalit\u00e0<br \/>\nI dati da lei forniti potranno essere trattati per:<br \/>\n1) lo svolgimento delle operazioni strettamente necessarie onde procedere all&#8217;erogazione dei servizi eventualmente da lei richiesti, tra questi inclusa la sua navigazione tra le pagine del sito;<br \/>\n2) la prestazione di servizi tecnologici (newsletter, assistenza e manutenzione in remoto o in locale), anche da parte di terzi specificamente autorizzati;<br \/>\n3) attivit\u00e0 imposte da leggi, regolamenti o provvedimenti per l&#8217;esecuzione di ordini commerciali;<br \/>\n4) elaborazioni statistiche su dati aggregati in relazione alle prestazioni del sito;<\/p>\n<p>Nelle pagine del sito ove sono esplicitamente raccolti i suoi dati personali, trover\u00e0 riportate laddove necessario le ulteriori specifiche Informative privacy, nonch\u00e9 i metodi per l&#8217;acquisizione del suo consenso nei casi in cui il titolare ricorre a tale base giuridica di trattamento.<\/p>\n<p>Il trattamento dei suoi dati personali verr\u00e0 effettuato sulla base di una o pi\u00f9 delle seguenti condizioni. In particolare, i trattamenti effettuati per le finalit\u00e0 sopra descritte, che riguardano:<br \/>\n\u00b7 punto 1 e punto 2, hanno come base giuridica la necessit\u00e0 di dare esecuzione alle sue espresse richieste di ricevere un servizio direttamente disponibile tramite il sito: si tratta dunque di conferimento di dati strettamente necessari e connessi ad una fase pre-contrattuale e\/o contrattuale ovvero funzionale a dare riscontro ad una sua specifica richiesta, come tali i dati di volta in volta raccolti sono obbligatori e, qualora non intenda fornirli, non sar\u00e0 possibile erogare il servizio o dare risposta a quanto da lei richiesto;<br \/>\n\u00b7 punto 3, avranno come base giuridica la necessit\u00e0 di rispettare un obbligo di legge quale ad esempio l&#8217;obbligo di attuare misure di sicurezza previste da leggi specifiche del settore bancario\/finanziario applicabili per determinati servizi erogati tramite il sito e come tali questi dati e relativi trattamenti sono obbligatori;<br \/>\n\u00b7 punto 4, trattandosi di dati anonimi, ossia dati dai quali non risulta possibile re-identificare, anche indirettamente, una persona fisica, tali dati non sono pi\u00f9 dati personali, pertanto i relativi trattamenti sono sottratti alla applicazione della normativa privacy e non risulta necessaria una particolare base giuridica.<\/p>\n<p>Modalit\u00e0 di trattamento, misure di sicurezza e tempi di conservazione<br \/>\nTutti i dati verranno trattati in formato prevalentemente elettronico. I dati personali nonch\u00e9 ogni altra eventuale informazione associabile, direttamente od indirettamente, ad un utente determinato, sono raccolti e trattati applicando le misure di sicurezza tecniche e organizzative tali da garantire un livello di sicurezza adeguato al rischio, tenendo conto dello stato dell&#8217;arte e dei costi di attuazione, o, ove previste, misure di sicurezza prescritte da apposita normativa quale a titolo di esempio non esaustivo: misure previste da applicabili provvedimenti emessi dell&#8217;Autorit\u00e0 Garante per la protezione dati personali o da normative e regolamenti specifici per il settore bancario\/finanziario e saranno accessibili solo al personale specificamente autorizzato.<\/p>\n<p>I dati personali trattati verranno conservati in una forma che consenta l&#8217;identificazione degli interessati per un arco di tempo non superiore al conseguimento delle finalit\u00e0 per le quali sono trattati, fatta salva la necessit\u00e0 di conservarli per un periodo maggiore a seguito di richieste da parte delle Autorit\u00e0 competenti in materia di prevenzione e prosecuzione di reati o, comunque per far valere o difendere un diritto in sede giudiziaria.<\/p>\n<p>Categorie di Destinatari dei dati personali<br \/>\nI dati personali saranno trattati dal personale specificamente autorizzato da parte del titolare nonch\u00e9 da soggetti terzi, anche eventualmente stabiliti in paesi esteri rispetto l&#8217;Unione Europea, solo qualora ci\u00f2 sia necessario per esigenze di operativit\u00e0 e manutenzione del sito e dei servizi messi a disposizione tramite il sito stesso, fatti salvi gli eventuali obblighi previsti da disposizioni di legge.<br \/>\nIn nessun caso essi saranno invece diffusi al pubblico. Come previsto dal GDPR, il titolare provvede a nominare quali responsabili di trattamento dati personali le societ\u00e0 terze che svolgono in tutto o in parte le attivit\u00e0 in oggetto esclusivamente per conto del titolare. Nel caso di coinvolgimento di soggetti terzi stabiliti in paesi esteri rispetto l&#8217;Unione Europea, per il relativo trasferimento di dati all&#8217;estero sono adottate le garanzie appropriate corrispondenti alle decisioni di adeguatezza emesse dalla Commissione Europea e\/o dall&#8217;Autorit\u00e0 Garante nazionale per la protezione dei dati personali di volta in volta adeguate al caso. Ulteriori informazioni riguardo i casi di eventuali trasferimenti di dati verso paesi esteri rispetto l&#8217;Unione Europea e le relative garanzie adottate, nonch\u00e9 informazioni riguardo le societ\u00e0 nominate responsabili di trattamento dati personali, possono essere richieste al DPO.<\/p>\n<p>Diritti degli interessati<br \/>\nIn relazione ai trattamenti dei suoi dati personali svolti tramite questo sito, in ogni momento, in qualit\u00e0 di interessato potr\u00e0 esercitare i diritti previsti dal GDPR. In particolare potr\u00e0:<br \/>\n\u00b7 accedere ai suoi dati personali, ottenendo evidenza delle finalit\u00e0 perseguite da parte del titolare, delle categorie di dati coinvolti, dei destinatari a cui gli stessi possono essere comunicati, del periodo di conservazione applicabile, dell&#8217;esistenza di processi decisionali automatizzati, compresa la profilazione,<br \/>\ne, almeno in tali casi, informazioni significative sulla logica utilizzata, nonch\u00e9 l&#8217;importanza e le conseguenze possibili per l&#8217;interessato, ove non gi\u00e0 indicato nel testo di questa Informativa;<br \/>\n\u00b7 \u00a0ottenere senza ritardo la rettifica dei dati personali inesatti che la riguardano;<br \/>\n\u00b7 ottenere, nei casi previsti dalla legge, la cancellazione dei suoi dati; \u2028\u00b7 ottenere la limitazione del trattamento o di opporsi allo stesso, quando ammesso in base alle previsioni di legge applicabili al caso specifico;<br \/>\n\u00b7 nei casi previsti dalla legge richiedere la portabilit\u00e0 dei dati che lei ha fornito al titolare, vale a dire di riceverli in un formato strutturato, di uso comune e leggibile da dispositivo automatico, ed anche richiedere di trasmettere tali dati ad un altro titolare, se tecnicamente fattibile;<br \/>\n\u00b7 ove lo ritenga opportuno, proporre reclamo all&#8217;autorit\u00e0 di controllo.<\/p>\n<p>Per i trattamenti di dati personali per i quali la base giuridica \u00e8 il consenso, potr\u00e0 sempre revocarlo ed in particolare esercitare il diritto di opposizione al marketing diretto. Per esercitare tali diritti, baster\u00e0 contattare il DPO facendo riferimento ai dati di contatto riportati all&#8217;inizio di questa Informativa. Per avere ulteriori informazioni in ordine ai suoi diritti ed alla disciplina sulla privacy in generale La invitiamo a visitare il sito web dell&#8217;Autorit\u00e0 Garante per la protezione dei dati personali, all&#8217;indirizzo www.garanteprivacy.it<\/p>\n<p>Informativa pubblicata in data 18 Aprile 2019[\/vc_column_text][vc_separator type=&#8221;transparent&#8221; border_style=&#8221;&#8221;][\/vc_column][\/vc_row]<\/p>\n<\/div>","protected":false},"excerpt":{"rendered":"<p>[vc_row row_type=&#8221;row&#8221; use_row_as_full_screen_section=&#8221;no&#8221; type=&#8221;full_width&#8221; text_align=&#8221;left&#8221; background_animation=&#8221;none&#8221; css_animation=&#8221;&#8221;][vc_column][vc_column_text]Privacy La informiamo che il trattamento dei suoi dati personali avverr\u00e0 nel rispetto della vigente normativa in materia di Privacy e sar\u00e0 improntato ai principi di correttezza, trasparenza e protezione dei dati. A tal fine, in ottemperanza a quanto&#8230;<\/p>\n","protected":false},"author":1,"featured_media":0,"parent":0,"menu_order":0,"comment_status":"closed","ping_status":"open","template":"","meta":{"footnotes":""},"class_list":["post-3","page","type-page","status-publish","hentry"],"_links":{"self":[{"href":"https:\/\/accademiamusicalevaldarnese.it\/index.php\/wp-json\/wp\/v2\/pages\/3","targetHints":{"allow":["GET"]}}],"collection":[{"href":"https:\/\/accademiamusicalevaldarnese.it\/index.php\/wp-json\/wp\/v2\/pages"}],"about":[{"href":"https:\/\/accademiamusicalevaldarnese.it\/index.php\/wp-json\/wp\/v2\/types\/page"}],"author":[{"embeddable":true,"href":"https:\/\/accademiamusicalevaldarnese.it\/index.php\/wp-json\/wp\/v2\/users\/1"}],"replies":[{"embeddable":true,"href":"https:\/\/accademiamusicalevaldarnese.it\/index.php\/wp-json\/wp\/v2\/comments?post=3"}],"version-history":[{"count":3,"href":"https:\/\/accademiamusicalevaldarnese.it\/index.php\/wp-json\/wp\/v2\/pages\/3\/revisions"}],"predecessor-version":[{"id":21722,"href":"https:\/\/accademiamusicalevaldarnese.it\/index.php\/wp-json\/wp\/v2\/pages\/3\/revisions\/21722"}],"wp:attachment":[{"href":"https:\/\/accademiamusicalevaldarnese.it\/index.php\/wp-json\/wp\/v2\/media?parent=3"}],"curies":[{"name":"wp","href":"https:\/\/api.w.org\/{rel}","templated":true}]}}