{"id":21723,"date":"2019-04-17T11:03:49","date_gmt":"2019-04-17T09:03:49","guid":{"rendered":"http:\/\/accademiamusicalevaldarnese.it\/?page_id=21723"},"modified":"2019-04-17T11:03:49","modified_gmt":"2019-04-17T09:03:49","slug":"cookie-policy","status":"publish","type":"page","link":"https:\/\/accademiamusicalevaldarnese.it\/index.php\/cookie-policy\/","title":{"rendered":"Cookie Policy"},"content":{"rendered":"<div class=\"wpb-content-wrapper\"><p>[vc_row row_type=&#8221;row&#8221; use_row_as_full_screen_section=&#8221;no&#8221; type=&#8221;full_width&#8221; text_align=&#8221;left&#8221; background_animation=&#8221;none&#8221; css_animation=&#8221;&#8221;][vc_column][vc_column_text]<\/p>\n<p style=\"text-align: justify;\"><strong>Informativa estesa<\/strong><\/p>\n<p style=\"text-align: justify;\"><em>Premessa<\/em><br \/>\nI cookie sono stringhe di testo di piccole dimensioni che i siti visitati dall&#8217;utente inviano al suo terminale (solitamente al browser), dove vengono memorizzati per essere poi ritrasmessi agli stessi siti alla successiva visita del medesimo utente. Nel corso della navigazione su un sito, l&#8217;utente pu\u00f2 ricevere sul suo terminale anche cookie che vengono inviati da siti o da web server diversi (c.d. &#8220;terze parti&#8221;), sui quali possono risiedere alcuni elementi (quali, ad esempio, immagini, mappe, suoni, specifici link a pagine di altri domini) presenti sul sito che lo stesso sta visitando. I cookie, solitamente presenti nei browser degli utenti in numero molto elevato e a volte anche con caratteristiche di ampia persistenza temporale, sono usati per differenti finalit\u00e0: esecuzione di autenticazioni informatiche, monitoraggio di sessioni, memorizzazione di informazioni su specifiche configurazioni riguardanti gli utenti che accedono al server, etc. Al fine di giungere a una corretta regolamentazione di tali dispositivi, \u00e8 necessario distinguerli\u00a0 posto che non vi sono delle caratteristiche tecniche che li differenziano gli uni dagli altri\u00a0 proprio sulla base delle finalit\u00e0 perseguite da chi li utilizza. In tale direzione si \u00e8 mosso, peraltro, lo stesso legislatore, che, in attuazione delle disposizioni contenute nella direttiva 2009\/136\/CE, ha ricondotto l&#8217;obbligo di acquisire il consenso preventivo e informato degli utenti all&#8217;installazione di cookie utilizzati per finalit\u00e0 diverse da quelle meramente tecniche (cfr. art. 1, comma 5, lett. a), del d. lgs. 28 maggio 2012, n. 69, che ha modificato l&#8217;art. 122 del Codice). Al riguardo, e ai fini del presente provvedimento, si individuano pertanto due macro-categorie: cookie &#8220;tecnici&#8221; e cookie &#8220;di profilazione&#8221;.<\/p>\n<p style=\"text-align: justify;\"><em>Cookie tecnici<\/em><br \/>\nI cookie tecnici sono quelli utilizzati al solo fine di &#8220;effettuare la trasmissione di una comunicazione su una rete di comunicazione elettronica, o nella misura strettamente necessaria al fornitore di un servizio della societ\u00e0 dell&#8217;informazione esplicitamente richiesto dall&#8217;abbonato o dall&#8217;utente a erogare tale servizio&#8221; (cfr. art. 122, comma 1, del Codice). Essi non vengono utilizzati per scopi ulteriori e sono normalmente installati direttamente dal titolare o gestore del sito web. Possono essere suddivisi in cookie di navigazione o di sessione, che garantiscono la normale navigazione e fruizione del sito web (permettendo, ad esempio, di realizzare un acquisto o autenticarsi per accedere ad aree riservate); cookie analytics, assimilati ai cookie tecnici laddove utilizzati direttamente dal gestore del sito per raccogliere informazioni, in forma aggregata, sul numero degli utenti e su come questi visitano il sito stesso; cookie di funzionalit\u00e0, che permettono all&#8217;utente la navigazione in funzione di una serie di criteri selezionati (ad esempio, la lingua, i prodotti selezionati per l&#8217;acquisto) al fine di migliorare il servizio reso allo stesso. Per l&#8217;installazione di tali cookie non \u00e8 richiesto il preventivo consenso degli utenti, mentre resta fermo l&#8217;obbligo di dare l&#8217;informativa ai sensi dell&#8217;art. 13 del Codice, che il gestore del sito, qualora utilizzi soltanto tali dispositivi, potr\u00e0 fornire con le modalit\u00e0 che ritiene pi\u00f9 idonee.<\/p>\n<p style=\"text-align: justify;\"><em>Cookie di profilazione<\/em><br \/>\nI cookie di profilazione sono volti a creare profili relativi all&#8217;utente e vengono utilizzati al fine di inviare messaggi pubblicitari in linea con le preferenze manifestate dallo stesso nell&#8217;ambito della navigazione in rete. In ragione della particolare invasivit\u00e0 che tali dispositivi possono avere nell&#8217;ambito della sfera privata degli utenti, la normativa europea e italiana prevede che l&#8217;utente debba essere adeguatamente informato sull&#8217;uso degli stessi ed esprimere cos\u00ec il proprio valido consenso. Ad essi si riferisce l&#8217;art. 122 del Codice laddove prevede che &#8220;l&#8217;archiviazione delle informazioni nell&#8217;apparecchio terminale di un contraente o di un utente o l&#8217;accesso a informazioni gi\u00e0 archiviate sono consentiti unicamente a condizione che il contraente o l&#8217;utente abbia espresso il proprio consenso dopo essere stato informato con le modalit\u00e0 semplificate di cui all&#8217;articolo 13, comma 3&#8221; (art. 122, comma 1, del Codice).<\/p>\n<p style=\"text-align: justify;\"><em>Cookie di terze parti<\/em><br \/>\nUn ulteriore elemento da considerare, ai fini della corretta definizione della materia in esame, \u00e8 quello soggettivo. Occorre, cio\u00e8, tenere conto del differente soggetto che installa i cookie sul terminale dell&#8217;utente, a seconda che si tratti dello stesso gestore del sito che l&#8217;utente sta visitando (che pu\u00f2 essere sinteticamente indicato come &#8220;editore&#8221;) o di un sito diverso che installa cookie per il tramite del primo (c.d. &#8220;terze parti&#8221;). Sulla base di quanto emerso dalla consultazione pubblica, si ritiene necessario che tale distinzione tra i due soggetti sopra indicati venga tenuta in debito conto anche al fine di individuare correttamente i rispettivi ruoli e le rispettive responsabilit\u00e0, con riferimento al rilascio dell&#8217;informativa e all&#8217;acquisizione del consenso degli utenti online. Vi sono molteplici motivazioni per le quali non risulta possibile porre in capo all&#8217;editore l&#8217;obbligo di fornire l&#8217;informativa e acquisire il consenso all&#8217;installazione dei cookie nell&#8217;ambito del proprio sito anche per quelli installati dalle &#8220;terze parti&#8221;. In primo luogo, l&#8217;editore dovrebbe avere sempre gli strumenti e la capacit\u00e0 economico-giuridica di farsi carico degli adempimenti delle terze parti e dovrebbe quindi anche poter verificare di volta in volta la corrispondenza tra quanto dichiarato dalle terze parti e le finalit\u00e0 da esse realmente perseguite con l&#8217;uso dei cookie. Ci\u00f2 \u00e8 reso assai arduo dal fatto che l&#8217;editore spesso non conosce direttamente tutte le terze parti che installano cookie tramite il proprio sito e, quindi, neppure la logica sottesa ai relativi trattamenti. Inoltre, non di rado tra l&#8217;editore e le terze parti si frappongono soggetti che svolgono il ruolo di concessionari, risultando di fatto molto complesso per l&#8217;editore il controllo sull&#8217;attivit\u00e0 di tutti i soggetti coinvolti. I cookie terze parti potrebbero, poi, essere nel tempo modificati dai terzi fornitori e risulterebbe poco funzionale chiedere agli editori di tenere traccia anche di queste modifiche successive. Occorre tenere conto inoltre del fatto che spesso gli editori, che comprendono anche persone fisiche e piccole imprese, sono la parte pi\u00f9 &#8220;debole&#8221; del rapporto. Laddove invece le terze parti sono solitamente grandi societ\u00e0 caratterizzate da notevole peso economico, servono normalmente una pluralit\u00e0 di editori e possono essere, rispetto al singolo editore, anche molto numerose. Si ritiene pertanto che, anche in ragione delle motivazioni sopra indicate, non si possa obbligare l&#8217;editore ad inserire sull&#8217;home page del proprio sito anche il testo delle informative relative ai cookie installati per il suo tramite dalle terze parti. Ci\u00f2 determinerebbe peraltro una generale mancanza di chiarezza dell&#8217;informativa rilasciata dall&#8217;editore, rendendo nel contempo estremamente faticosa per l&#8217;utente la lettura del documento e quindi la comprensione delle informazioni in esso contenute, con ci\u00f2 vanificando anche l&#8217;intento di semplificazione previsto dall&#8217;art. 122 del Codice. Analogamente, per quanto concerne l&#8217;acquisizione del consenso per i cookie di profilazione, dovendo necessariamente -per le ragioni suesposte\u00a0 tenere distinte le rispettive posizioni di editori e terze parti, si ritiene che gli editori, con i quali gli utenti instaurano un rapporto diretto tramite l&#8217;accesso al relativo sito, assumono necessariamente una duplice veste. Tali soggetti, infatti, da un lato sono titolari del trattamento quanto ai cookie installati direttamente dal proprio sito; dall&#8217;altro, non potendo ravvisarsi una contitolarit\u00e0 con le terze parti per i cookie che le stesse installano per il loro tramite, si ritiene corretto considerarli come una sorta di intermediari tecnici tra le stesse e gli utenti. Ed \u00e8, quindi, in tale veste che sono chiamati ad operare con riferimento al rilascio dell&#8217;informativa e all&#8217;acquisizione del consenso degli utenti online con riguardo ai cookie delle terze parti.<\/p>\n<p style=\"text-align: justify;\"><em>Come bloccare i cookie<\/em><br \/>\nL\u2019utente pu\u00f2 bloccare o limitare la ricezione di cookies attraverso le opzioni del proprio browser.\u00a0Per disabilitare i cookie di servizi esterni \u00e8 necessario agire sulle loro impostazioni.\u00a0Tramite le preferenze del browser \u00e8 inoltre possibile eliminare i Cookie gi\u00e0 installati.\u00a0Disabilitando tutti i Cookie, il funzionamento del sito potrebbe essere compromesso.<\/p>\n<p style=\"text-align: justify;\">La maggioranza dei browser internet sono inizialmente impostati per accettare i cookie in modo automatico. Ci\u00f2 significa che hai la possibilit\u00e0, in ogni momento, di impostare il tuo browser in modo da accettare tutti i cookie, solo alcuni, oppure di rifiutarli, disabilitandone l&#8217;uso da parte dei siti. Inoltre puoi normalmente impostare le preferenze del tuo browser in modo tale da essere avvisato ogni volta che un cookie viene memorizzato nel tuo computer. Al termine di ogni sessione di navigazione, infine, puoi cancellare dal disco fisso del tuo dispositivo i cookie raccolti. Se vuoi eliminare i cookie installati nella cartella dei cookie del browser utilizzato, occorre rammentare che ciascun browser presenta procedure diverse per la gestione delle impostazioni.\u00a0Selezionando i collegamenti sottostanti puoi ottenere istruzioni specifiche per alcuni dei principali browser:<br \/>\n<a href=\"http:\/\/windows.microsoft.com\/en-us\/windows-vista\/block-or-allow-cookies\" target=\"_blank\" rel=\"noopener noreferrer\">Microsoft Windows Explorer<\/a><br \/>\n<a href=\"https:\/\/support.google.com\/chrome\/bin\/answer.py?hl=en&amp;answer=95647&amp;p=cpn_cookies\" target=\"_blank\" rel=\"noopener noreferrer\">Google Chrome<\/a><br \/>\n<a href=\"http:\/\/support.mozilla.org\/en-US\/kb\/Enabling%20and%20disabling%20cookies\" target=\"_blank\" rel=\"noopener noreferrer\">Mozilla Firefox<\/a><br \/>\n<a href=\"http:\/\/docs.info.apple.com\/article.html?path=Safari\/5.0\/en\/9277.html\" target=\"_blank\" rel=\"noopener noreferrer\">Apple Safari<\/a><br \/>\n<em><br \/>\nPer conoscere le caratteristiche dei cookie utilizzati sul nostro sito<\/em><\/p>\n<p style=\"text-align: left;\">Google Analytics<br \/>\n<a href=\"http:\/\/www.google.com\/intl\/en\/policies\/\" target=\"_blank\" rel=\"noopener noreferrer\">Clicca qui<\/a><\/p>\n<p style=\"text-align: left;\">Facebook<br \/>\n<a href=\"http:\/\/www.facebook.com\/about\/privacy\/\" target=\"_blank\" rel=\"noopener noreferrer\">Clicca qui\u00a0<\/a><\/p>\n<p style=\"text-align: left;\">Twitter<br \/>\n<a href=\"https:\/\/twitter.com\/privacy\" target=\"_blank\" rel=\"noopener noreferrer\">Clicca qui\u00a0<\/a><\/p>\n<p style=\"text-align: left;\">Instagram<br \/>\n<a href=\"https:\/\/help.instagram.com\/155833707900388\" target=\"_blank\" rel=\"noopener noreferrer\">Clicca qui<\/a><\/p>\n<p style=\"text-align: left;\">Google Maps<br \/>\n<a href=\"http:\/\/www.google.com\/intl\/en_us\/policies\/privacy\/\" target=\"_blank\" rel=\"noopener noreferrer\">Clicca qui<\/a><\/p>\n<p style=\"text-align: left;\">Youtube<br \/>\n<a href=\"http:\/\/www.google.com\/intl\/en_us\/policies\/privacy\/\" target=\"_blank\" rel=\"noopener noreferrer\">Clicca qui\u00a0<\/a><\/p>\n<p style=\"text-align: left;\">LinkedIn<br \/>\n<a href=\"https:\/\/www.linkedin.com\/legal\/privacy-policy\" target=\"_blank\" rel=\"noopener noreferrer\">Clicca qui<\/a><\/p>\n<p style=\"text-align: left;\">Pinterest<br \/>\n<a href=\"https:\/\/help.pinterest.com\/it\" target=\"_blank\" rel=\"noopener noreferrer\">Clicca qui<\/a><\/p>\n<p style=\"text-align: justify;\"><em>Modalit\u00e0 di raccolta\u00a0dei Dati<br \/>\n<\/em>Fra i Dati raccolti da questo sito web, in modo autonomo o tramite terze parti, ci sono: Dati Personali, Dati di utilizzo e Cookie. I Dati Personali possono essere inseriti volontariamente dall\u2019Utente, oppure raccolti in modo automatico durante la navigazione. I Dati di Utilizzo sono gli indirizzi IP o i nomi a dominio dei computer utilizzati dall\u2019Utente che si connette all\u2019Applicazione, gli indirizzi in notazione URI, l\u2019orario della richiesta, il metodo utilizzato nel sottoporre la richiesta al server, la dimensione del file ottenuto in risposta, il codice numerico indicante lo stato della risposta dal server, il Paese di provenienza, le caratteristiche del browser e del sistema operativo utilizzati dal visitatore, le varie connotazioni temporali della visita e i dettagli relativi all\u2019itinerario seguito all\u2019interno del sito web, con particolare riferimento alla sequenza delle pagine consultate, ai parametri relativi al sistema operativo e all\u2019ambiente informatico dell\u2019Utente. L\u2019eventuale utilizzo di Cookie &#8211; o di altri strumenti di tracciamento &#8211; da parte del sito web o dei titolari dei servizi terzi utilizzati, ove non diversamente precisato, ha la finalit\u00e0 di identificare l\u2019Utente e registrare le relative preferenze per finalit\u00e0 strettamente legate all&#8217;erogazione del servizio richiesto dall\u2019Utente. L&#8217;Utente si assume la responsabilit\u00e0 dei Dati di terzi pubblicati o condivisi mediante questo sito web e garantisce di avere il diritto di comunicarli o diffonderli, liberando il Titolare da qualsiasi responsabilit\u00e0 verso terzi.<\/p>\n<p style=\"text-align: justify;\"><em>Modalit\u00e0 di trattamento dei Dati<\/em><br \/>\nIl Titolare tratta i Dati degli Utenti adottando le opportune misure di sicurezza volte ad impedirne l\u2019accesso, la divulgazione, la modifica o la distruzione non autorizzata.\u00a0Il trattamento viene effettuato mediante strumenti informatici e\/o telematici, con modalit\u00e0 organizzative e con logiche strettamente correlate alle finalit\u00e0 indicate. Oltre al Titolare, in alcuni casi, potrebbero avere accesso ai Dati categorie di incaricati coinvolti nell\u2019organizzazione del sito (personale amministrativo, commerciale, marketing, legali, amministratori di sistema) ovvero soggetti esterni (come fornitori di servizi tecnici terzi, corrieri postali, hosting provider, societ\u00e0 informatiche, agenzie di comunicazione) nominati anche, se necessario, Responsabili del Trattamento da parte del Titolare. I Dati sono trattati presso le sedi operative del Titolare ed in ogni altro luogo in cui le parti coinvolte nel trattamento siano localizzate. I Dati sono trattati per il tempo necessario allo svolgimento del servizio richiesto dall\u2019Utente, o richiesto dalle finalit\u00e0 descritte in questo documento.<\/p>\n<p style=\"text-align: justify;\"><em>Finalit\u00e0 del Trattamento dei Dati raccolti<\/em><br \/>\nI Dati dell\u2019Utente sono raccolti per consentire al Titolare di fornire i propri servizi, cos\u00ec come per le seguenti finalit\u00e0: Accesso agli account su servizi terzi, Statistica, Contattare l&#8217;Utente, Commento dei contenuti, Gestione dei pagamenti, Gestione indirizzi e invio di messaggi email, Interazione con social network e piattaforme esterne, Protezione dallo SPAM, Remarketing e Behavioral Targeting e Visualizzazione di contenuti da piattaforme esterne.<\/p>\n<p style=\"text-align: left;\"><em>Titolare del Trattamento dei Dati<\/em><br \/>\nAccademia Musicale Valdarnese<\/p>\n<p style=\"text-align: justify;\">La presente informativa sulla privacy \u00e8 redatta in adempimento degli obblighi previsti dalla disciplina di Individuazione delle modalit\u00e0 semplificate per l&#8217;informativa e l&#8217;acquisizione del consenso per l&#8217;uso dei cookie &#8211; 8 maggio 2014\u00a0(Pubblicato sulla Gazzetta Ufficiale n. 126 del 3 giugno 2014) in attuazione delle disposizioni contenute nella direttiva 2009\/136\/CE.<\/p>\n<p>[\/vc_column_text][vc_separator type=&#8221;transparent&#8221; border_style=&#8221;&#8221;][\/vc_column][\/vc_row]<\/p>\n<\/div>","protected":false},"excerpt":{"rendered":"<p>[vc_row row_type=&#8221;row&#8221; use_row_as_full_screen_section=&#8221;no&#8221; type=&#8221;full_width&#8221; text_align=&#8221;left&#8221; background_animation=&#8221;none&#8221; css_animation=&#8221;&#8221;][vc_column][vc_column_text] Informativa estesa Premessa I cookie sono stringhe di testo di piccole dimensioni che i siti visitati dall&#8217;utente inviano al suo terminale (solitamente al browser), dove vengono memorizzati per essere poi ritrasmessi agli stessi siti alla successiva visita del&#8230;<\/p>\n","protected":false},"author":1,"featured_media":0,"parent":0,"menu_order":0,"comment_status":"closed","ping_status":"open","template":"","meta":{"footnotes":""},"class_list":["post-21723","page","type-page","status-publish","hentry"],"_links":{"self":[{"href":"https:\/\/accademiamusicalevaldarnese.it\/index.php\/wp-json\/wp\/v2\/pages\/21723","targetHints":{"allow":["GET"]}}],"collection":[{"href":"https:\/\/accademiamusicalevaldarnese.it\/index.php\/wp-json\/wp\/v2\/pages"}],"about":[{"href":"https:\/\/accademiamusicalevaldarnese.it\/index.php\/wp-json\/wp\/v2\/types\/page"}],"author":[{"embeddable":true,"href":"https:\/\/accademiamusicalevaldarnese.it\/index.php\/wp-json\/wp\/v2\/users\/1"}],"replies":[{"embeddable":true,"href":"https:\/\/accademiamusicalevaldarnese.it\/index.php\/wp-json\/wp\/v2\/comments?post=21723"}],"version-history":[{"count":1,"href":"https:\/\/accademiamusicalevaldarnese.it\/index.php\/wp-json\/wp\/v2\/pages\/21723\/revisions"}],"predecessor-version":[{"id":21724,"href":"https:\/\/accademiamusicalevaldarnese.it\/index.php\/wp-json\/wp\/v2\/pages\/21723\/revisions\/21724"}],"wp:attachment":[{"href":"https:\/\/accademiamusicalevaldarnese.it\/index.php\/wp-json\/wp\/v2\/media?parent=21723"}],"curies":[{"name":"wp","href":"https:\/\/api.w.org\/{rel}","templated":true}]}}