{"id":19173,"date":"2014-06-03T12:18:50","date_gmt":"2014-06-03T10:18:50","guid":{"rendered":"http:\/\/demo.select-themes.com\/stockholm1\/?page_id=19173"},"modified":"2025-10-01T15:19:22","modified_gmt":"2025-10-01T13:19:22","slug":"regolamento","status":"publish","type":"page","link":"https:\/\/accademiamusicalevaldarnese.it\/index.php\/regolamento\/","title":{"rendered":"Regolamento"},"content":{"rendered":"<div class=\"wpb-content-wrapper\"><p>[vc_row row_type=&#8221;row&#8221; use_row_as_full_screen_section=&#8221;no&#8221; type=&#8221;full_width&#8221; text_align=&#8221;left&#8221; background_animation=&#8221;none&#8221; padding_top=&#8221;10&#8243; padding_bottom=&#8221;50&#8243; css_animation=&#8221;&#8221;][vc_column][vc_separator type=&#8221;transparent&#8221; border_style=&#8221;&#8221;][vc_column_text css=&#8221;&#8221;]<\/p>\n<h2>Regolamento<\/h2>\n<p>[\/vc_column_text][vc_separator type=&#8221;transparent&#8221; border_style=&#8221;&#8221;][vc_column_text css=&#8221;&#8221;]L\u2019Accademia Musicale Valdarnese Aps in collaborazione con il Comune di San Giovanni Valdarno organizza il IV Concorso Pianistico Internazionale \u201cHumberto Quagliata \u2013 Citt\u00e0 di San Giovanni Valdarno\u201d al quale possono partecipare pianisti di cittadinanza italiana e straniera senza limiti di et\u00e0. Il Concorso si svolger\u00e0 a San Giovanni Valdarno (AR) dal 27 al 30 Novembre 2025 presso la Pieve di San Giovanni Battista.[\/vc_column_text][vc_separator type=&#8221;transparent&#8221; border_style=&#8221;&#8221;][vc_column_text css=&#8221;&#8221;]Il Concorso ha cadenza biennale, prossima edizione Novembre 2027.[\/vc_column_text][vc_separator type=&#8221;transparent&#8221; border_style=&#8221;&#8221;][vc_column_text css=&#8221;&#8221;]La Competizione dedicata al M\u00b0 Humberto Quagliata avr\u00e0 il compito di mantenere vivo il ricordo di questo straordinario artista, dotato di una sensibilit\u00e0 unica, che si \u00e8 presentato nei pi\u00f9 importanti teatri e sale da concerto dei cinque continenti, sia in recital sia come solista con orchestra. L\u2019 Accademia Musicale Valdarnese si onora di averlo avuto come grande amico.[\/vc_column_text][vc_separator type=&#8221;transparent&#8221; border_style=&#8221;&#8221;][vc_separator type=&#8221;transparent&#8221; border_style=&#8221;&#8221;][vc_column_text css=&#8221;&#8221;]<\/p>\n<h2>Premi<\/h2>\n<p>[\/vc_column_text][vc_separator type=&#8221;transparent&#8221; border_style=&#8221;&#8221;][vc_column_text css=&#8221;&#8221;]<\/p>\n<h4><strong>Premi: (tutti i premi si intendono al lordo delle ritenute di legge)<\/strong><\/h4>\n<p>[\/vc_column_text][vc_separator type=&#8221;transparent&#8221; border_style=&#8221;&#8221;][vc_column_text css=&#8221;&#8221;]<\/p>\n<p>PRIMO PREMIO Diploma \u20ac 4500,00 4 concerti<br \/>\nSECONDO PREMIO Diploma \u20ac 2000,00 2 concerti<br \/>\nTERZO PREMIO Diploma \u20ac 750,00 1 concerto[\/vc_column_text][vc_separator type=&#8221;transparent&#8221; border_style=&#8221;&#8221;][vc_column_text css=&#8221;&#8221;]<\/p>\n<p>I concerti premio prevedono solo un gettone a titolo di rimborso (viaggio, vitto e alloggio) e sono gentilmente offerti dalle seguenti associazioni:<\/p>\n<p>&#8211; XVII Asisa De Villaviciosa De Odon Festival (Spagna)<br \/>\n&#8211; Pianofestival Ootmarsum (Olanda)<br \/>\n&#8211; Amici d\u2019Orfeo Trento (Italia)<br \/>\n&#8211; Fundacion Eutherpe Leon (Spagna)<br \/>\n&#8211; Musica al Tempio Milano (Italia)<br \/>\n&#8211; Accademia Musicale Valdarnese Aps San Giovanni Valdarno (Italia)[\/vc_column_text][vc_separator type=&#8221;transparent&#8221; border_style=&#8221;&#8221;][vc_column_text css=&#8221;&#8221;]<\/p>\n<p>&#8211; PREMIO DANIEL STEFANI: \u20ac 250,00 Borsa di Studio<br \/>\nChi desidera concorrere deve presentare in semifinale un brano edito composto dal 1950 in poi. Non \u00e8 obbligatorio concorrere al Premio Daniel Stefani.[\/vc_column_text][vc_separator type=&#8221;transparent&#8221; border_style=&#8221;&#8221;][vc_column_text]<\/p>\n<h2>Iscrizioni e Prove<\/h2>\n<p>[\/vc_column_text][vc_separator type=&#8221;transparent&#8221; border_style=&#8221;&#8221;][vc_column_text css=&#8221;&#8221;]<\/p>\n<h4>Per pianisti senza limiti di et\u00e0<\/h4>\n<p>[\/vc_column_text][vc_separator type=&#8221;transparent&#8221; border_style=&#8221;&#8221;][vc_column_text css=&#8221;&#8221;]Domanda di partecipazione on-line e link video sono da inviare entro il 28 settembre 2025.[\/vc_column_text][vc_separator type=&#8221;transparent&#8221; border_style=&#8221;&#8221;][vc_column_text css=&#8221;&#8221;]<b>PRESELEZIONE<\/b><b> <\/b><b>VIDEO:<\/b><b> <\/b>Programma libero durata massima 20 minuti.<\/p>\n<p>I concorrenti dovranno inviare uno o pi\u00f9 link dei file video precedentemente caricati in forma privata sulla piattaforma YouTube. I brani possono essere registrati in una singola sessione o in differenti sessioni.<\/p>\n<p>Verranno ammessi solamente video recenti con alta qualit\u00e0 audio, con inquadratura fissa, non editati, con mani e volto sempre visibili. I brani presentati in questa preselezione video potranno essere riproposti una sola volta nel corso delle prove successive.<\/p>\n<p>Le prove successive alla preselezione video si terranno in PRESENZA dal 27 novembre 2025 a San Giovanni Valdarno Ar presso la Pieve di San Giovanni Battista<\/p>\n<p><b>1\u00b0 PROVA: <\/b>i candidati ammessi a questa prova dovranno eseguire un programma con repertorio comprendente brani di almeno due stili diversi, durata massima di 35 minuti<\/p>\n<p><b>SEMIFINALE: <\/b>saranno ammessi i candidati che al termine della 1\u00b0 prova saranno ritenuti idonei dalla Giuria e dovranno eseguire un programma libero della durata massima di 50 minuti.<\/p>\n<p>Non potranno essere ripetuti brani presentati nella 1\u00b0 prova<\/p>\n<p>N.B. In questa prova \u00e8 possibile concorrere per il Premio Daniel Stefani. Il premio viene assegnato alla<\/p>\n<p>migliore esecuzione di un brano composto dal 1950 in poi e per l\u2019esecuzione relativa a questo premio non \u00e8 obbligatoria la memoria (vedi Sezioni e Premi).<\/p>\n<p><b>FINALE<\/b><b> <\/b><b>CON<\/b><b> <\/b><b>ORCHESTRA: <\/b>Saranno ammessi alla finale con orchestra in forma di concerto pubblico i candidati che al termine della SEMIFINALE saranno ritenuti idonei dalla Giuria. La finale si terr\u00e0 Domenica 30 Novembre alle ore 16,00 presso la Pieve di San Giovanni Battista (San Giovanni Valdarno Ar),<\/p>\n<p>I candidati dovranno eseguire un concerto per pianoforte e orchestra scelto fra i seguenti:<\/p>\n<p>J. S. Bach BWV 1052<\/p>\n<p>W. A. Mozart Kv 271 \/ Kv 415 \/ KV 450 \/ Kv 466 \/ Kv 467 \/ Kv 488 \/ Kv 491 \/ Kv 595<\/p>\n<p>L. v. Beethoven n. 1 op. 15 \/ n. 2 op. 19 \/ n. 3 op. 37 \/ n. 4 op. 58 \/ n. 5 op. 73<\/p>\n<p>[\/vc_column_text][vc_separator type=&#8221;transparent&#8221; border_style=&#8221;&#8221;][vc_column_text css=&#8221;&#8221;]I candidati saranno accompagnati dall&#8217;<strong>Orchestra Citt\u00e0 di Grosseto<\/strong> diretta dal <strong>M\u00b0 J. J. Navarro Hernandez<\/strong>. Tutte le prove sono aperte al pubblico.[\/vc_column_text][vc_separator type=&#8221;transparent&#8221; border_style=&#8221;&#8221;][vc_column_text css=&#8221;&#8221;]Quota iscrizione \u20ac 130,00<\/p>\n<p>Causale: Concorso Pianistico Internazionale Humberto Quagliata \u2013 Citt\u00e0 di San Giovanni Valdarno.<\/p>\n<p>Il bonifico bancario deve essere effettuato sul conto corrente dell\u2019Accademia Musicale Valdarnese Aps presso Banca del Valdarno<\/p>\n<p><b>IBAN<\/b><b> <\/b><b>IT63T<\/b><b> <\/b><b>08811<\/b><b> <\/b><b>71600<\/b><b> <\/b><b>0000<\/b><b> <\/b><b>0000<\/b><b> <\/b><b>0860<\/b><b> <\/b>\u2013 <b>BIC<\/b><b> <\/b><b>ICRAITRRMJO<\/b><\/p>\n<p>La domanda di iscrizione deve essere compilata online entro il 28\/09\/2025. Non saranno accettate domande incomplete. Compilare la domanda di iscrizione con i dati richiesti e allegare online:<\/p>\n<ul>\n<li>copia di un documento d&#8217;identit\u00e0 valido (carta d&#8217;identit\u00e0 o passaporto),<\/li>\n<li>foto in formato jpg<\/li>\n<li>ricevuta bonifico quota d&#8217;iscrizione<\/li>\n<li>link dei file video caricati sulla piattaforma YouTube<\/li>\n<li>curriculum vitae<\/li>\n<\/ul>\n<p>[\/vc_column_text][vc_separator type=&#8221;transparent&#8221; border_style=&#8221;&#8221;][vc_column_text]<\/p>\n<h2>Giuria e Direzione Artistica<\/h2>\n<p>[\/vc_column_text][vc_separator type=&#8221;transparent&#8221; border_style=&#8221;&#8221;][vc_column_text css=&#8221;&#8221;]<strong>Konstantin Bogino <\/strong><em>Presidente<\/em><\/p>\n<p><strong>Mario Prisuelos <\/strong><\/p>\n<p><strong>Svetlana Eganian <\/strong><\/p>\n<p><strong>Yolande Kouznetsov<\/strong><\/p>\n<p><strong>Juan Jose Navarro Hernandez <\/strong><\/p>\n<p><strong>Krystian Tkaczewski<\/strong><\/p>\n<p><strong>Andrea Turini <\/strong><em>Direttore Artistico<\/em>[\/vc_column_text][vc_separator type=&#8221;transparent&#8221; border_style=&#8221;&#8221;][vc_column_text css=&#8221;&#8221;]La Direzione Artistica del Concorso si riserva il diritto di effettuare eventuali sostituzioni\/aggiunte dei singoli componenti della giuria per cause di forza maggiore. Qualora un candidato abbia rapporti di parentela o affinit\u00e0 o abbia avuto nei due anni precedenti l\u2019inizio del concorso, rapporti didattici con un membro della Giuria, quest\u2019ultimo si asterr\u00e0 dalla relativa discussione e valutazione. Tale astensione verr\u00e0 dichiarata sul verbale.[\/vc_column_text][vc_separator type=&#8221;transparent&#8221; border_style=&#8221;&#8221;][vc_separator type=&#8221;transparent&#8221; border_style=&#8221;&#8221;][vc_column_text]<\/p>\n<h2>Informazioni Generali<\/h2>\n<p>[\/vc_column_text][vc_separator type=&#8221;transparent&#8221; border_style=&#8221;&#8221;][vc_column_text css=&#8221;&#8221;]Il Concorso si svolger\u00e0 in presenza nei giorni 27\/30 novembre 2025 presso la Pieve di San Giovanni Battista<\/p>\n<p>a San Giovanni Valdarno (Ar) Italia.<\/p>\n<p>Il giorno 13 ottobre 2025 sul sito <a href=\"http:\/\/www.accademiamusicalevaldarnese.it\/\">www.accademiamusicalevaldarnese.it<\/a> saranno pubblicati i nominativi dei candidati ammessi alla 1\u00b0 prova e sar\u00e0 indicato anche il calendario e l\u2019orario di esecuzione<b>.<\/b><\/p>\n<p>I concorrenti dovranno presentarsi muniti di valido documento d\u2019identit\u00e0 e n. 2 copie dei brani in programma. Eventuali ritardatari rispetto al calendario e all\u2019orario stabiliti, solo per giustificati motivi, saranno ascoltati in coda purch\u00e8 le audizioni siano ancora in corso.<\/p>\n<p>Presso la sede dell\u2019Accademia Musicale Valdarnese Aps saranno disponibili 4 pianoforti da studio. L\u2019orario per <span class=\"Apple-converted-space\">\u00a0 \u00a0 <\/span>lo <span class=\"Apple-converted-space\">\u00a0 \u00a0 <\/span>studio <span class=\"Apple-converted-space\">\u00a0 \u00a0 <\/span>sar\u00e0 <span class=\"Apple-converted-space\">\u00a0 \u00a0 <\/span>redatto <span class=\"Apple-converted-space\">\u00a0 \u00a0 <\/span>giorno <span class=\"Apple-converted-space\">\u00a0 \u00a0 <\/span>per <span class=\"Apple-converted-space\">\u00a0 \u00a0 <\/span>giorno.<\/p>\n<p>Il giudizio della Giuria \u00e8 inappellabile.<\/p>\n<p>I criteri di valutazione sono stabiliti dalla Giuria che in questa quarta edizione \u00e8 presieduta dal M\u00b0 Konstantin Bogino.<\/p>\n<p>Si fa obbligo di esecuzione a memoria, ad eccezione dell\u2019eventuale esecuzione di brani composti dal 1950 in poi relativi al Premio Daniel Stefani.<\/p>\n<p>La classifica finale verr\u00e0 stabilita sulla base della votazione della Giuria che ha il diritto di non assegnare i premi qualora l\u2019esecuzione dei candidati non raggiunga il livello richiesto.<\/p>\n<p>Non \u00e8 previsto ex-equo per il Primo Premio.<\/p>\n<p>Due copie dei brani eseguiti dovranno essere presentati alla Giuria all\u2019inizio della prova.<\/p>\n<p>La Direzione Artistica del Concorso non si assume la responsabilit\u00e0 di rischi o danni di qualsiasi natura che dovessero derivare ai concorrenti durante il corso della manifestazione.<\/p>\n<p>I Concorrenti non potranno vantare alcuna pretesa economica per le esecuzioni effettuate nell\u2019ambito del concorso e nel concerto finale e nemmeno per la loro eventuale utilizzazione radiofonica o televisiva.<\/p>\n<p>La partecipazione al Concorso sottintende l\u2019accettazione totale ed incondizionata del presente<\/p>\n<p>regolamento. In caso di contestazione l\u2019unico testo legalmente valido \u00e8 quello originale in italiano, e<\/p>\n<p>competente \u00e8 il Foro di Arezzo.[\/vc_column_text][vc_separator type=&#8221;transparent&#8221; border_style=&#8221;&#8221;][vc_column_text]<\/p>\n<h2>Informazioni Utili<\/h2>\n<p>[\/vc_column_text][vc_separator type=&#8221;transparent&#8221; border_style=&#8221;&#8221;][vc_column_text css=&#8221;&#8221;]San Giovanni Valdarno \u00e8 un comune della regione Toscana in provincia di Arezzo Italia.<\/p>\n<p>La storia di San Giovanni Valdarno risale al 1296, anno della sua fondazione come presidio militare fiorentino con il nome di Castel San Giovanni. Citt\u00e0 natale di Masaccio, vanta un patrimonio artistico eccezionale racchiuso in musei ospitati nei pi\u00f9 importanti monumenti cittadini: Palazzo d\u2019Arnolfo, Casa Masaccio, Basilica S. Maria delle Grazie, Chiesa di San Lorenzo.<\/p>\n<p>[\/vc_column_text][vc_separator type=&#8221;transparent&#8221; border_style=&#8221;&#8221;][vc_column_text css=&#8221;&#8221;]<\/p>\n<p><b>Come<\/b><b> <\/b><b>raggiungerci<\/b><\/p>\n<p>Treno: La stazione di San Giovanni Valdarno si trova sulla linea lenta Firenze \u2013 Roma Auto: Uscita casello autostradale VALDARNO della A1 Milano \u2013 Napoli<\/p>\n<p>Aeroporto: Peretola Firenze, Leonardo da Vinci Pisa[\/vc_column_text][\/vc_column][\/vc_row][vc_row row_type=&#8221;row&#8221; use_row_as_full_screen_section=&#8221;no&#8221; type=&#8221;full_width&#8221; text_align=&#8221;left&#8221; background_animation=&#8221;none&#8221; css_animation=&#8221;&#8221;][vc_column][\/vc_column][\/vc_row]<\/p>\n<\/div>","protected":false},"excerpt":{"rendered":"<p>[vc_row row_type=&#8221;row&#8221; use_row_as_full_screen_section=&#8221;no&#8221; type=&#8221;full_width&#8221; text_align=&#8221;left&#8221; background_animation=&#8221;none&#8221; padding_top=&#8221;10&#8243; padding_bottom=&#8221;50&#8243; css_animation=&#8221;&#8221;][vc_column][vc_separator type=&#8221;transparent&#8221; border_style=&#8221;&#8221;][vc_column_text css=&#8221;&#8221;] Regolamento [\/vc_column_text][vc_separator type=&#8221;transparent&#8221; border_style=&#8221;&#8221;][vc_column_text css=&#8221;&#8221;]L\u2019Accademia Musicale Valdarnese Aps in collaborazione con il Comune di San Giovanni Valdarno organizza il IV Concorso Pianistico Internazionale \u201cHumberto Quagliata \u2013 Citt\u00e0 di San Giovanni Valdarno\u201d al quale&#8230;<\/p>\n","protected":false},"author":1,"featured_media":0,"parent":0,"menu_order":0,"comment_status":"open","ping_status":"closed","template":"","meta":{"footnotes":""},"class_list":["post-19173","page","type-page","status-publish","hentry"],"_links":{"self":[{"href":"https:\/\/accademiamusicalevaldarnese.it\/index.php\/wp-json\/wp\/v2\/pages\/19173","targetHints":{"allow":["GET"]}}],"collection":[{"href":"https:\/\/accademiamusicalevaldarnese.it\/index.php\/wp-json\/wp\/v2\/pages"}],"about":[{"href":"https:\/\/accademiamusicalevaldarnese.it\/index.php\/wp-json\/wp\/v2\/types\/page"}],"author":[{"embeddable":true,"href":"https:\/\/accademiamusicalevaldarnese.it\/index.php\/wp-json\/wp\/v2\/users\/1"}],"replies":[{"embeddable":true,"href":"https:\/\/accademiamusicalevaldarnese.it\/index.php\/wp-json\/wp\/v2\/comments?post=19173"}],"version-history":[{"count":122,"href":"https:\/\/accademiamusicalevaldarnese.it\/index.php\/wp-json\/wp\/v2\/pages\/19173\/revisions"}],"predecessor-version":[{"id":36068,"href":"https:\/\/accademiamusicalevaldarnese.it\/index.php\/wp-json\/wp\/v2\/pages\/19173\/revisions\/36068"}],"wp:attachment":[{"href":"https:\/\/accademiamusicalevaldarnese.it\/index.php\/wp-json\/wp\/v2\/media?parent=19173"}],"curies":[{"name":"wp","href":"https:\/\/api.w.org\/{rel}","templated":true}]}}